{"id":10,"date":"2014-11-03T10:11:23","date_gmt":"2014-11-03T10:11:23","guid":{"rendered":"http:\/\/4.ddtsovr.z8.ru\/?page_id=10"},"modified":"2019-10-22T22:58:16","modified_gmt":"2019-10-22T22:58:16","slug":"comments","status":"publish","type":"page","link":"https:\/\/translator-paris.com\/es\/comments\/","title":{"rendered":"R\u00e9f\u00e9rencias"},"content":{"rendered":"<p><\/p>\n<h1 id=\"comments-title\" class=\"title\">R\u00e9f\u00e9rencias<\/h1>\n<p><\/p>\n<div class=\"submitted\"><strong><span class=\"username\">Patric Paradis, empresa Siccom<\/span><\/strong><\/div>\n<p><em><\/p>\n<p>Desde el a\u00f1o 2010 utilizamos de manera regular los servicios de la int\u00e9rprete Marina Yulis. No habr\u00edamos sido capaces de abrirnos camino en el mercado ruso si no llega a ser por las competencias t\u00e9cnicas y comerciales y la gran disponibilidad que ha mostrado. Estamos muy agradecidos. <\/p>\n<p><\/em><\/p>\n<p><\/p>","protected":false},"excerpt":{"rendered":"<p>R\u00e9f\u00e9rencias Patric Paradis, empresa Siccom Desde el a\u00f1o 2010 utilizamos de manera regular los servicios de la int\u00e9rprete Marina Yulis. No habr\u00edamos sido capaces de abrirnos camino en el mercado ruso si no llega a ser por las competencias t\u00e9cnicas y comerciales y la gran disponibilidad que ha mostrado. Estamos muy agradecidos.<\/p>\n<p><a href=\"https:\/\/translator-paris.com\/es\/comments\/\">Read More<\/a><\/p>\n","protected":false},"author":1,"featured_media":0,"parent":0,"menu_order":0,"comment_status":"closed","ping_status":"closed","template":"page-templates\/full-width.php","meta":[],"_links":{"self":[{"href":"https:\/\/translator-paris.com\/es\/wp-json\/wp\/v2\/pages\/10"}],"collection":[{"href":"https:\/\/translator-paris.com\/es\/wp-json\/wp\/v2\/pages"}],"about":[{"href":"https:\/\/translator-paris.com\/es\/wp-json\/wp\/v2\/types\/page"}],"author":[{"embeddable":true,"href":"https:\/\/translator-paris.com\/es\/wp-json\/wp\/v2\/users\/1"}],"replies":[{"embeddable":true,"href":"https:\/\/translator-paris.com\/es\/wp-json\/wp\/v2\/comments?post=10"}],"version-history":[{"count":6,"href":"https:\/\/translator-paris.com\/es\/wp-json\/wp\/v2\/pages\/10\/revisions"}],"predecessor-version":[{"id":966,"href":"https:\/\/translator-paris.com\/es\/wp-json\/wp\/v2\/pages\/10\/revisions\/966"}],"wp:attachment":[{"href":"https:\/\/translator-paris.com\/es\/wp-json\/wp\/v2\/media?parent=10"}],"curies":[{"name":"wp","href":"https:\/\/api.w.org\/{rel}","templated":true}]}}