{"id":2,"date":"2014-11-03T09:51:20","date_gmt":"2014-11-03T09:51:20","guid":{"rendered":"http:\/\/4.ddtsovr.z8.ru\/?page_id=2"},"modified":"2022-09-12T13:13:43","modified_gmt":"2022-09-12T13:13:43","slug":"sample-page","status":"publish","type":"page","link":"https:\/\/translator-paris.com\/es\/","title":{"rendered":"Marina Yulis, traductora-int\u00e9rprete profesional en Par\u00eds"},"content":{"rendered":"<p><a rel=\"nofollow\" href=\"\/wp-content\/uploads\/bio.jpg\"><img loading=\"lazy\" class=\"alignleft wp-image-29 size-thumbnail\" src=\"\/wp-content\/uploads\/bio.jpg\" alt=\"\u041c\u0430\u0440\u0438\u043d\u0430 \u042e\u043b\u0438\u0441\" width=\"150\" height=\"150\" \/><\/a><\/p>\n<p>Estoy formada como traductora-int\u00e9rprete profesional de espa\u00f1ol, franc\u00e9s, ingl\u00e9s y ruso. Resido en Par\u00eds, donde estudi\u00e9 tambi\u00e9n Econom\u00eda (Universidad Par\u00eds 12).<\/p>\n<p>Gracias a esta formaci\u00f3n cuento con un profundo conocimiento del mercado internacional, de log\u00edstica y de los procedimientos aduaneros, as\u00ed como del derecho contractual y el m\u00e1rketing. Al haber cursado mis estudios t\u00e9cnicos en franc\u00e9s y espa\u00f1ol, puedo garantizar unos servicios de traducci\u00f3n de calidad en el \u00e1mbito de los negocios.<br \/>\nEl objetivo de mi trabajo es ayudarle a entenderse con sus socios franceses como si hablaran y pensaran en la misma lengua. Mi tarea consiste en que usted pueda concentrarse completamente en el contenido que quiere transmitir, sin reparar en las diferencias ling\u00fc\u00edsticas ni culturales. Soy experta en facilitar el buen entendimiento entre personas de mentalidades diversas.<\/p>\n<p>\u00bfNecesita un traductor-int\u00e9rprete franc\u00e9s-espa\u00f1ol que viva en Par\u00eds? Los servicios que ofrezco son los siguientes:<\/p>\n<ul>\n<li>Interpretaci\u00f3n en negociaciones, seminarios, exposiciones, conferencias y jornadas de formaci\u00f3n.<\/li>\n<li>Traducci\u00f3n escrita del espa\u00f1ol al franc\u00e9s.<\/li>\n<\/ul>\n<p>\u00bfQuiere dar a conocer su empresa en una feria profesional en Par\u00eds? Puedo asesorarle en la elecci\u00f3n de la feria m\u00e1s conveniente para su negocio, as\u00ed como asistir y colaborar en ella. Tambi\u00e9n me ofrezco para trabajar en su stand y en la b\u00fasqueda de nuevos socios. Como su int\u00e9rprete, puedo acompa\u00f1arlo y asistirlo durante su viaje de negocios en Francia.<\/p>\n<p>Cuento con doce a\u00f1os de experiencia como traductora e int\u00e9rprete. En el apartado \u201cClientes\u201d puede consultar mis referencias profesionales. Realizo mi labor sin intermediarios ni agencias.<\/p>\n<p><\/p>","protected":false},"excerpt":{"rendered":"<p>Estoy formada como traductora-int\u00e9rprete profesional de espa\u00f1ol, franc\u00e9s, ingl\u00e9s y ruso. Resido en Par\u00eds, donde estudi\u00e9 tambi\u00e9n Econom\u00eda (Universidad Par\u00eds 12). Gracias a esta formaci\u00f3n cuento con un profundo conocimiento del mercado internacional, de log\u00edstica y de los procedimientos aduaneros, as\u00ed como del derecho contractual y el m\u00e1rketing. Al haber cursado mis estudios t\u00e9cnicos en [&hellip;]<\/p>\n<p><a href=\"https:\/\/translator-paris.com\/es\/\">Read More<\/a><\/p>\n","protected":false},"author":1,"featured_media":0,"parent":0,"menu_order":0,"comment_status":"closed","ping_status":"closed","template":"page-templates\/front-paris2.php","meta":[],"_links":{"self":[{"href":"https:\/\/translator-paris.com\/es\/wp-json\/wp\/v2\/pages\/2"}],"collection":[{"href":"https:\/\/translator-paris.com\/es\/wp-json\/wp\/v2\/pages"}],"about":[{"href":"https:\/\/translator-paris.com\/es\/wp-json\/wp\/v2\/types\/page"}],"author":[{"embeddable":true,"href":"https:\/\/translator-paris.com\/es\/wp-json\/wp\/v2\/users\/1"}],"replies":[{"embeddable":true,"href":"https:\/\/translator-paris.com\/es\/wp-json\/wp\/v2\/comments?post=2"}],"version-history":[{"count":31,"href":"https:\/\/translator-paris.com\/es\/wp-json\/wp\/v2\/pages\/2\/revisions"}],"predecessor-version":[{"id":1220,"href":"https:\/\/translator-paris.com\/es\/wp-json\/wp\/v2\/pages\/2\/revisions\/1220"}],"wp:attachment":[{"href":"https:\/\/translator-paris.com\/es\/wp-json\/wp\/v2\/media?parent=2"}],"curies":[{"name":"wp","href":"https:\/\/api.w.org\/{rel}","templated":true}]}}