{"id":5,"date":"2014-11-03T10:07:20","date_gmt":"2014-11-03T10:07:20","guid":{"rendered":"http:\/\/4.ddtsovr.z8.ru\/?page_id=5"},"modified":"2021-09-18T16:55:25","modified_gmt":"2021-09-18T16:55:25","slug":"summary","status":"publish","type":"page","link":"https:\/\/translator-paris.com\/es\/summary\/","title":{"rendered":"Qui\u00e9n soy"},"content":{"rendered":"<p>\n<style type=\"text\/css\">\n  div#jcarousel_container .jcarousel-skin-yulis .jcarousel-container-horizontal { width: 925px !important; }\n  div#jcarousel_container .jcarousel-skin-yulis .jcarousel-clip-horizontal { width: 925px !important; height: 140px !important; }\n  div#jcarousel_container .jcarousel-skin-yulis .jcarousel-next-horizontal { top: 78px !important; }\n  div#jcarousel_container .jcarousel-skin-yulis .jcarousel-prev-horizontal { top: 78px !important; }\n  div#jcarousel_container .jcarousel-skin-yulis .jcarousel-item-horizontal { margin-right: 17px; }\n  div#jcarousel_container .jcarousel-skin-yulis .jcarousel-direction-rtl .jcarousel-item-horizontal { margin-left: 17px; }\n  div#jcarousel_container .jcarousel-skin-yulis .jcarousel-item { width: 140px; height: 140px; }\n<\/style>\n<div id=\"jcarousel_container\" class=\"jcarousel_container\">\n  <ul id=\"jcarousel\" class=\"jcarousel-skin-yulis\">\n    <li><a href=\"http:\/\/translator-paris.com\/wp-content\/gallery\/about-big\/foto18.jpg\"><img src=\"https:\/\/translator-paris.com\/wp-content\/gallery\/about\/foto18.jpg\"  width=\"140\" height=\"140\" border=\"0\" \/><\/a><\/li>\n    <li><a href=\"http:\/\/translator-paris.com\/wp-content\/gallery\/about-big\/foto04.jpg\"><img src=\"https:\/\/translator-paris.com\/wp-content\/gallery\/about\/foto04.jpg\"  width=\"140\" height=\"140\" border=\"0\" \/><\/a><\/li>\n    <li><a href=\"http:\/\/translator-paris.com\/wp-content\/gallery\/about-big\/foto05.jpg\"><img src=\"https:\/\/translator-paris.com\/wp-content\/gallery\/about\/foto05.jpg\"  width=\"140\" height=\"140\" border=\"0\" \/><\/a><\/li>\n    <li><a href=\"http:\/\/translator-paris.com\/wp-content\/gallery\/about-big\/foto10.jpg\"><img src=\"https:\/\/translator-paris.com\/wp-content\/gallery\/about\/foto10.jpg\"  width=\"140\" height=\"140\" border=\"0\" \/><\/a><\/li>\n    <li><a href=\"http:\/\/translator-paris.com\/wp-content\/gallery\/about-big\/foto11.jpg\"><img src=\"https:\/\/translator-paris.com\/wp-content\/gallery\/about\/foto11.jpg\"  width=\"140\" height=\"140\" border=\"0\" \/><\/a><\/li>\n    <li><a href=\"http:\/\/translator-paris.com\/wp-content\/gallery\/about-big\/foto13.jpg\"><img src=\"https:\/\/translator-paris.com\/wp-content\/gallery\/about\/foto13.jpg\"  width=\"140\" height=\"140\" border=\"0\" \/><\/a><\/li>\n    <li><a href=\"http:\/\/translator-paris.com\/wp-content\/gallery\/about-big\/foto17.jpg\"><img src=\"https:\/\/translator-paris.com\/wp-content\/gallery\/about\/foto17.jpg\"  width=\"140\" height=\"140\" border=\"0\" \/><\/a><\/li>\n    <li><a href=\"http:\/\/translator-paris.com\/wp-content\/gallery\/about-big\/foto08.jpg\"><img src=\"https:\/\/translator-paris.com\/wp-content\/gallery\/about\/foto08.jpg\"  width=\"140\" height=\"140\" border=\"0\" \/><\/a><\/li>\n    <li><a href=\"http:\/\/translator-paris.com\/wp-content\/gallery\/about-big\/foto19.jpg\"><img src=\"https:\/\/translator-paris.com\/wp-content\/gallery\/about\/foto19.jpg\"  width=\"140\" height=\"140\" border=\"0\" \/><\/a><\/li>\n    <li><a href=\"http:\/\/translator-paris.com\/wp-content\/gallery\/about-big\/foto02.jpg\"><img src=\"https:\/\/translator-paris.com\/wp-content\/gallery\/about\/foto02.jpg\"  width=\"140\" height=\"140\" border=\"0\" \/><\/a><\/li>\n    <li><a href=\"http:\/\/translator-paris.com\/wp-content\/gallery\/about-big\/foto14.jpg\"><img src=\"https:\/\/translator-paris.com\/wp-content\/gallery\/about\/foto14.jpg\"  width=\"140\" height=\"140\" border=\"0\" \/><\/a><\/li>\n    <li><a href=\"http:\/\/translator-paris.com\/wp-content\/gallery\/about-big\/foto01.jpg\"><img src=\"https:\/\/translator-paris.com\/wp-content\/gallery\/about\/foto01.jpg\"  width=\"140\" height=\"140\" border=\"0\" \/><\/a><\/li>\n    <li><a href=\"http:\/\/translator-paris.com\/wp-content\/gallery\/about-big\/foto12.jpg\"><img src=\"https:\/\/translator-paris.com\/wp-content\/gallery\/about\/foto12.jpg\"  width=\"140\" height=\"140\" border=\"0\" \/><\/a><\/li>\n    <li><a href=\"http:\/\/translator-paris.com\/wp-content\/gallery\/about-big\/foto06.jpg\"><img src=\"https:\/\/translator-paris.com\/wp-content\/gallery\/about\/foto06.jpg\"  width=\"140\" height=\"140\" border=\"0\" \/><\/a><\/li>\n    <li><a href=\"http:\/\/translator-paris.com\/wp-content\/gallery\/about-big\/foto09.jpg\"><img src=\"https:\/\/translator-paris.com\/wp-content\/gallery\/about\/foto09.jpg\"  width=\"140\" height=\"140\" border=\"0\" \/><\/a><\/li>\n    <li><a href=\"http:\/\/translator-paris.com\/wp-content\/gallery\/about-big\/foto07.jpg\"><img src=\"https:\/\/translator-paris.com\/wp-content\/gallery\/about\/foto07.jpg\"  width=\"140\" height=\"140\" border=\"0\" \/><\/a><\/li>\n    <li><a href=\"http:\/\/translator-paris.com\/wp-content\/gallery\/about-big\/foto03.jpg\"><img src=\"https:\/\/translator-paris.com\/wp-content\/gallery\/about\/foto03.jpg\"  width=\"140\" height=\"140\" border=\"0\" \/><\/a><\/li>\n    <li><a href=\"http:\/\/translator-paris.com\/wp-content\/gallery\/about-big\/foto16.jpg\"><img src=\"https:\/\/translator-paris.com\/wp-content\/gallery\/about\/foto16.jpg\"  width=\"140\" height=\"140\" border=\"0\" \/><\/a><\/li>\n    <li><a href=\"http:\/\/translator-paris.com\/wp-content\/gallery\/about-big\/foto15.jpg\"><img src=\"https:\/\/translator-paris.com\/wp-content\/gallery\/about\/foto15.jpg\"  width=\"140\" height=\"140\" border=\"0\" \/><\/a><\/li>\n  <\/ul>\n<\/div>\n<script type=\"text\/javascript\">\n  jQuery('ul#jcarousel').jcarousel({scroll: 1,visible: 6,auto: 5,wrap: 'circular'});\n  jQuery('ul#jcarousel li').width(140);\n<\/script>\n<\/p>\n<div class=\"panel-pane pane-node pane-cv\">\n<\/p>\n<p><a rel=\"nofollow\" href=\"\/wp-content\/uploads\/CV_Marina_Yulis_FR.pdf\" style=\"display:none\">\u0421\u043a\u0430\u0447\u0430\u0442\u044c \u0440\u0435\u0437\u044e\u043c\u0435 (\u0424\u0420)<\/a><a rel=\"nofollow\" href=\"\/wp-content\/uploads\/cv-marina-yulis-english-2019.pdf\">Descargar CV (ENG)<\/a><\/p>\n<\/div>\n<p>Soy una traductora titulada de espa\u00f1ol, franc\u00e9s, ruso e ingl\u00e9s con base en Par\u00eds. Llevo doce a\u00f1os residiendo en la capital francesa y anteriormente viv\u00ed en Rusia. Me gradu\u00e9 en la Universidad Estatal de Mosc\u00fa Lomon\u00f3sov y curs\u00e9 estudios en el Instituto Cervantes de Mosc\u00fa.<\/p>\n<p>Llegu\u00e9 a Francia hace m\u00e1s de una d\u00e9cada, donde he estudiado Econom\u00eda y Traducci\u00f3n en la Universidad Par\u00eds-12. Gracias a mi formaci\u00f3n poseo un amplio conocimiento de log\u00edstica, de los procedimientos aduaneros, del derecho contractual internacional, del m\u00e1rketing y de las finanzas. Tengo un gran dominio del l\u00e9xico de negocios en espa\u00f1ol, ingl\u00e9s y franc\u00e9s.<\/p>\n<p>Adem\u00e1s, cuento con una vasta experiencia en el \u00e1mbito empresarial. Conozco el protocolo y las formas de hacer negocios en Europa.<\/p>\n<p>Soy una int\u00e9rprete independiente con doce a\u00f1os de experiencia en Francia. Mi principal cliente en Espa\u00f1a es la empresa Tecnatom. En el apartado \u201cClientes\u201d puede ver un listado completo.<\/p>\n<p>Mis servicios:<\/p>\n<ul>\n<li>INTERPRETACI\u00d3N espa\u00f1ol-franc\u00e9s en Par\u00eds<\/li>\n<li>INTERPRETACI\u00d3N espa\u00f1ol-ingl\u00e9s en Par\u00eds<\/li>\n<li>INTERPRETACI\u00d3N espa\u00f1ol-ruso en Par\u00eds, posibilidad de acompa\u00f1ar mis clientes en toda Francia<\/li>\n<li>TRADUCCI\u00d3N ESCRITA espa\u00f1ol-franc\u00e9s<\/li>\n<li>TRADUCCI\u00d3N ESCRITA espa\u00f1ol-ruso<\/li>\n<ul><\/p>\n<p>Servicios de traducci\u00f3n consecutiva en Paris:<\/p>\n<ul>\n<li>jornadas de formaci\u00f3n<\/li>\n<li>seminarios<\/li>\n<li>ferias<\/li>\n<li>negociaciones<\/li>\n<li>reuniones<\/li>\n<li>encuentros de protocolo<\/li>\n<\/ul>\n<p><\/p>\n<p>\u00bfNecesita un traductor-int\u00e9rprete de franc\u00e9s en una feria profesional en Par\u00eds? Ofrezco mis servicios para trabajar en el stand de su empresa o para acompa\u00f1arlo como int\u00e9rprete durante la feria. Un traductor-int\u00e9rprete que domina cuatro lenguas en su stand es una aut\u00e9ntica ventaja competitiva. Un traductor multiling\u00fce (espa\u00f1ol, franc\u00e9s, ruso e ingl\u00e9s) puede mediar culturalmente y serle de valor permitiendo que todos se expresen en su propio idioma sin perder detalles importantes en la conversaci\u00f3n. Para construir la confianza con nuevos socios, los empresarios franceses suelen preferir hacer negocios en su lengua materna. Mi tarea consiste en facilitar este proceso.<\/p>\n<p><\/p>","protected":false},"excerpt":{"rendered":"<p>\u0421\u043a\u0430\u0447\u0430\u0442\u044c \u0440\u0435\u0437\u044e\u043c\u0435 (\u0424\u0420)Descargar CV (ENG) Soy una traductora titulada de espa\u00f1ol, franc\u00e9s, ruso e ingl\u00e9s con base en Par\u00eds. Llevo doce a\u00f1os residiendo en la capital francesa y anteriormente viv\u00ed en Rusia. Me gradu\u00e9 en la Universidad Estatal de Mosc\u00fa Lomon\u00f3sov y curs\u00e9 estudios en el Instituto Cervantes de Mosc\u00fa. Llegu\u00e9 a Francia hace m\u00e1s [&hellip;]<\/p>\n<p><a href=\"https:\/\/translator-paris.com\/es\/summary\/\">Read More<\/a><\/p>\n","protected":false},"author":1,"featured_media":0,"parent":0,"menu_order":0,"comment_status":"closed","ping_status":"closed","template":"page-templates\/full-width.php","meta":[],"_links":{"self":[{"href":"https:\/\/translator-paris.com\/es\/wp-json\/wp\/v2\/pages\/5"}],"collection":[{"href":"https:\/\/translator-paris.com\/es\/wp-json\/wp\/v2\/pages"}],"about":[{"href":"https:\/\/translator-paris.com\/es\/wp-json\/wp\/v2\/types\/page"}],"author":[{"embeddable":true,"href":"https:\/\/translator-paris.com\/es\/wp-json\/wp\/v2\/users\/1"}],"replies":[{"embeddable":true,"href":"https:\/\/translator-paris.com\/es\/wp-json\/wp\/v2\/comments?post=5"}],"version-history":[{"count":24,"href":"https:\/\/translator-paris.com\/es\/wp-json\/wp\/v2\/pages\/5\/revisions"}],"predecessor-version":[{"id":1207,"href":"https:\/\/translator-paris.com\/es\/wp-json\/wp\/v2\/pages\/5\/revisions\/1207"}],"wp:attachment":[{"href":"https:\/\/translator-paris.com\/es\/wp-json\/wp\/v2\/media?parent=5"}],"curies":[{"name":"wp","href":"https:\/\/api.w.org\/{rel}","templated":true}]}}