{"id":660,"date":"2016-08-06T20:43:48","date_gmt":"2016-08-06T20:43:48","guid":{"rendered":"http:\/\/translator-paris.com\/?page_id=660"},"modified":"2021-09-18T16:55:17","modified_gmt":"2021-09-18T16:55:17","slug":"m-summary","status":"publish","type":"page","link":"https:\/\/translator-paris.com\/es\/m-summary\/","title":{"rendered":"\u041e \u043d\u0430\u0441. \u041d\u0430\u0448\u0438 \u0443\u0441\u043b\u0443\u0433\u0438 \u043f\u0435\u0440\u0435\u0432\u043e\u0434\u0430 \u0441 \u0444\u0440\u0430\u043d\u0446\u0443\u0437\u0441\u043a\u043e\u0433\u043e \u0438 \u0430\u043d\u0433\u043b\u0438\u0439\u0441\u043a\u043e\u0433\u043e \u044f\u0437\u044b\u043a\u0430."},"content":{"rendered":"<p class=\"qtranxs-available-languages-message qtranxs-available-languages-message-es\">Disculpa, pero esta entrada est\u00e1 disponible s\u00f3lo en <a href=\"https:\/\/translator-paris.com\/ru\/wp-json\/wp\/v2\/pages\/660\" class=\"qtranxs-available-language-link qtranxs-available-language-link-ru\" title=\"\u0420\u0443\u0441\u0441\u043a\u0438\u0439\">Ruso<\/a> y <a href=\"https:\/\/translator-paris.com\/en\/wp-json\/wp\/v2\/pages\/660\" class=\"qtranxs-available-language-link qtranxs-available-language-link-en\" title=\"English\">Ingl\u00e9s Estadounidense<\/a>.<\/p>","protected":false},"excerpt":{"rendered":"<p>Disculpa, pero esta entrada est\u00e1 disponible s\u00f3lo en Ruso y Ingl\u00e9s Estadounidense.<\/p>\n<p><a href=\"https:\/\/translator-paris.com\/es\/m-summary\/\">Read More<\/a><\/p>\n","protected":false},"author":2,"featured_media":0,"parent":0,"menu_order":0,"comment_status":"closed","ping_status":"closed","template":"page-templates\/full-width.php","meta":[],"_links":{"self":[{"href":"https:\/\/translator-paris.com\/es\/wp-json\/wp\/v2\/pages\/660"}],"collection":[{"href":"https:\/\/translator-paris.com\/es\/wp-json\/wp\/v2\/pages"}],"about":[{"href":"https:\/\/translator-paris.com\/es\/wp-json\/wp\/v2\/types\/page"}],"author":[{"embeddable":true,"href":"https:\/\/translator-paris.com\/es\/wp-json\/wp\/v2\/users\/2"}],"replies":[{"embeddable":true,"href":"https:\/\/translator-paris.com\/es\/wp-json\/wp\/v2\/comments?post=660"}],"version-history":[{"count":0,"href":"https:\/\/translator-paris.com\/es\/wp-json\/wp\/v2\/pages\/660\/revisions"}],"wp:attachment":[{"href":"https:\/\/translator-paris.com\/es\/wp-json\/wp\/v2\/media?parent=660"}],"curies":[{"name":"wp","href":"https:\/\/api.w.org\/{rel}","templated":true}]}}