{"id":675,"date":"2016-09-13T08:14:16","date_gmt":"2016-09-13T08:14:16","guid":{"rendered":"http:\/\/translator-paris.com\/?page_id=675"},"modified":"2016-09-13T08:14:40","modified_gmt":"2016-09-13T08:14:40","slug":"contacts","status":"publish","type":"page","link":"https:\/\/translator-paris.com\/es\/contacts\/","title":{"rendered":"\u041a\u043e\u043d\u0442\u0430\u043a\u0442\u044b"},"content":{"rendered":"<p class=\"qtranxs-available-languages-message qtranxs-available-languages-message-es\">Disculpa, pero esta entrada est\u00e1 disponible s\u00f3lo en <a href=\"https:\/\/translator-paris.com\/ru\/wp-json\/wp\/v2\/pages\/675\" class=\"qtranxs-available-language-link qtranxs-available-language-link-ru\" title=\"\u0420\u0443\u0441\u0441\u043a\u0438\u0439\">Ruso<\/a> y <a href=\"https:\/\/translator-paris.com\/en\/wp-json\/wp\/v2\/pages\/675\" class=\"qtranxs-available-language-link qtranxs-available-language-link-en\" title=\"English\">Ingl\u00e9s Estadounidense<\/a>.<\/p>","protected":false},"excerpt":{"rendered":"<p>Disculpa, pero esta entrada est\u00e1 disponible s\u00f3lo en Ruso y Ingl\u00e9s Estadounidense.<\/p>\n<p><a href=\"https:\/\/translator-paris.com\/es\/contacts\/\">Read More<\/a><\/p>\n","protected":false},"author":2,"featured_media":0,"parent":0,"menu_order":0,"comment_status":"closed","ping_status":"closed","template":"","meta":[],"_links":{"self":[{"href":"https:\/\/translator-paris.com\/es\/wp-json\/wp\/v2\/pages\/675"}],"collection":[{"href":"https:\/\/translator-paris.com\/es\/wp-json\/wp\/v2\/pages"}],"about":[{"href":"https:\/\/translator-paris.com\/es\/wp-json\/wp\/v2\/types\/page"}],"author":[{"embeddable":true,"href":"https:\/\/translator-paris.com\/es\/wp-json\/wp\/v2\/users\/2"}],"replies":[{"embeddable":true,"href":"https:\/\/translator-paris.com\/es\/wp-json\/wp\/v2\/comments?post=675"}],"version-history":[{"count":0,"href":"https:\/\/translator-paris.com\/es\/wp-json\/wp\/v2\/pages\/675\/revisions"}],"wp:attachment":[{"href":"https:\/\/translator-paris.com\/es\/wp-json\/wp\/v2\/media?parent=675"}],"curies":[{"name":"wp","href":"https:\/\/api.w.org\/{rel}","templated":true}]}}