{"id":85,"date":"2014-11-22T20:01:54","date_gmt":"2014-11-22T20:01:54","guid":{"rendered":"http:\/\/4.ddtsovr.z8.ru\/?page_id=85"},"modified":"2021-09-18T16:01:46","modified_gmt":"2021-09-18T16:01:46","slug":"slider_block_0","status":"publish","type":"page","link":"https:\/\/translator-paris.com\/es\/slider_block_0\/","title":{"rendered":"Traductora profesional en&nbsp;Francia"},"content":{"rendered":"<p><\/p>\n<div style=\"position: absolute; top: 0px; left: 0px; display: block; z-index: 4; opacity: 1;\" id=\"views_front-block_0_\" class=\"views-slideshow-cycle-main-frame-row views_slideshow_cycle_slide views_slideshow_slide views-row-1 views-row-odd\">\n<div id=\"views-slideshow-cycle-main-frame-row-item\" style=\"color:#000; font: 18px Calibri,Verdana,Tahoma;\">\n<ul>\n<li>\u00bfTiene negocios en Francia y necesita un traductor espa\u00f1ol-franc\u00e9s?<\/li>\n<li>\u00bfVa a ir a Par\u00eds en un viaje de negocios y necesita int\u00e9rprete?<\/li>\n<li>\u00bfQuiere comprar inmuebles en Francia o hacer alguna otra inversi\u00f3n?<\/li>\n<li>\u00bfNecesita un traductor espa\u00f1ol-ingles en Paris?<\/li>\n<li style=\"display:none\">\u00bfNecesita un traductor-int\u00e9rprete del franc\u00e9s para sus reuniones de negocios en Par\u00eds?<\/li>\n<li>\u00bfNecesita un traductor-int\u00e9rprete en Par\u00eds que domine el espa\u00f1ol, el franc\u00e9s y el ruso?<\/li>\n<\/ul><\/div>\n<div id=\"slide_front1_welcome\">Bienvenido al sitio de Marina Yulis, traductora profesional de ruso, ingl\u00e9s, franc\u00e9s y espa\u00f1ol en Par\u00eds.<\/div>\n<\/div>\n<p><\/p>","protected":false},"excerpt":{"rendered":"<p>\u00bfTiene negocios en Francia y necesita un traductor espa\u00f1ol-franc\u00e9s? \u00bfVa a ir a Par\u00eds en un viaje de negocios y necesita int\u00e9rprete? \u00bfQuiere comprar inmuebles en Francia o hacer alguna otra inversi\u00f3n? \u00bfNecesita un traductor espa\u00f1ol-ingles en Paris? \u00bfNecesita un traductor-int\u00e9rprete del franc\u00e9s para sus reuniones de negocios en Par\u00eds? \u00bfNecesita un traductor-int\u00e9rprete en Par\u00eds [&hellip;]<\/p>\n<p><a href=\"https:\/\/translator-paris.com\/es\/slider_block_0\/\">Read More<\/a><\/p>\n","protected":false},"author":1,"featured_media":0,"parent":0,"menu_order":0,"comment_status":"closed","ping_status":"closed","template":"","meta":[],"_links":{"self":[{"href":"https:\/\/translator-paris.com\/es\/wp-json\/wp\/v2\/pages\/85"}],"collection":[{"href":"https:\/\/translator-paris.com\/es\/wp-json\/wp\/v2\/pages"}],"about":[{"href":"https:\/\/translator-paris.com\/es\/wp-json\/wp\/v2\/types\/page"}],"author":[{"embeddable":true,"href":"https:\/\/translator-paris.com\/es\/wp-json\/wp\/v2\/users\/1"}],"replies":[{"embeddable":true,"href":"https:\/\/translator-paris.com\/es\/wp-json\/wp\/v2\/comments?post=85"}],"version-history":[{"count":8,"href":"https:\/\/translator-paris.com\/es\/wp-json\/wp\/v2\/pages\/85\/revisions"}],"predecessor-version":[{"id":1191,"href":"https:\/\/translator-paris.com\/es\/wp-json\/wp\/v2\/pages\/85\/revisions\/1191"}],"wp:attachment":[{"href":"https:\/\/translator-paris.com\/es\/wp-json\/wp\/v2\/media?parent=85"}],"curies":[{"name":"wp","href":"https:\/\/api.w.org\/{rel}","templated":true}]}}