{"id":97,"date":"2014-11-22T21:01:34","date_gmt":"2014-11-22T21:01:34","guid":{"rendered":"http:\/\/4.ddtsovr.z8.ru\/?page_id=97"},"modified":"2021-09-18T16:10:39","modified_gmt":"2021-09-18T16:10:39","slug":"slider_block_2","status":"publish","type":"page","link":"https:\/\/translator-paris.com\/es\/slider_block_2\/","title":{"rendered":"Cuestiones administrativas en&nbsp;Francia?"},"content":{"rendered":"<p><\/p>\n<div class=\"views-slideshow-cycle-main-frame-row-item views-row views-row-0 views-row-first views-row-odd\">\n<div class=\"views-field views-field-body\">\n<div class=\"field-content\">\n<div id=\"slide_front_content\" class=\"slide_front_content\">\n<p>Traducci\u00f3n y asesoramiento en cuestiones administrativas en Francia.<\/p>\n<p>Asistencia en la gesti\u00f3n de cualquier asunto relacionado con la burocracia francesa<\/p>\n<ul>\n<li>Traducci\u00f3n de reuniones durante sus viajes de negocios en Francia.<\/li>\n<li>Traducci\u00f3n de documentos, traducci\u00f3n en instituciones administrativas (citas con abogados, notarios&#8230;) y prefecturas.<\/li>\n<li>Traducciones para particulares en visitas m\u00e9dicas, instituciones educativas, etc. Confidencialidad absoluta.<\/li>\n<\/ul>\n<\/div><\/div>\n<\/div>\n<\/div>\n<p><\/p>","protected":false},"excerpt":{"rendered":"<p>Traducci\u00f3n y asesoramiento en cuestiones administrativas en Francia. Asistencia en la gesti\u00f3n de cualquier asunto relacionado con la burocracia francesa Traducci\u00f3n de reuniones durante sus viajes de negocios en Francia. Traducci\u00f3n de documentos, traducci\u00f3n en instituciones administrativas (citas con abogados, notarios&#8230;) y prefecturas. Traducciones para particulares en visitas m\u00e9dicas, instituciones educativas, etc. Confidencialidad absoluta.<\/p>\n<p><a href=\"https:\/\/translator-paris.com\/es\/slider_block_2\/\">Read More<\/a><\/p>\n","protected":false},"author":1,"featured_media":0,"parent":0,"menu_order":0,"comment_status":"closed","ping_status":"closed","template":"","meta":[],"_links":{"self":[{"href":"https:\/\/translator-paris.com\/es\/wp-json\/wp\/v2\/pages\/97"}],"collection":[{"href":"https:\/\/translator-paris.com\/es\/wp-json\/wp\/v2\/pages"}],"about":[{"href":"https:\/\/translator-paris.com\/es\/wp-json\/wp\/v2\/types\/page"}],"author":[{"embeddable":true,"href":"https:\/\/translator-paris.com\/es\/wp-json\/wp\/v2\/users\/1"}],"replies":[{"embeddable":true,"href":"https:\/\/translator-paris.com\/es\/wp-json\/wp\/v2\/comments?post=97"}],"version-history":[{"count":14,"href":"https:\/\/translator-paris.com\/es\/wp-json\/wp\/v2\/pages\/97\/revisions"}],"predecessor-version":[{"id":1197,"href":"https:\/\/translator-paris.com\/es\/wp-json\/wp\/v2\/pages\/97\/revisions\/1197"}],"wp:attachment":[{"href":"https:\/\/translator-paris.com\/es\/wp-json\/wp\/v2\/media?parent=97"}],"curies":[{"name":"wp","href":"https:\/\/api.w.org\/{rel}","templated":true}]}}