{"id":99,"date":"2014-11-22T21:45:26","date_gmt":"2014-11-22T21:45:26","guid":{"rendered":"http:\/\/4.ddtsovr.z8.ru\/?page_id=99"},"modified":"2021-08-05T12:26:54","modified_gmt":"2021-08-05T12:26:54","slug":"slider_block_3","status":"publish","type":"page","link":"https:\/\/translator-paris.com\/es\/slider_block_3\/","title":{"rendered":"Su empresa participa en una feria o tiene reuni\u00f3n en Par\u00eds?"},"content":{"rendered":"<p><\/p>\n<div class=\"views-slideshow-cycle-main-frame-row-item views-row views-row-0 views-row-first views-row-odd\">\n<div class=\"views-field views-field-body\">\n<div class=\"field-content\">\n<div id=\"slide_front_content\" class=\"slide_front_content\">\n<p>Traducci\u00f3n del franc\u00e9s y del ingl\u00e9s al espa\u00f1ol en negociaciones, reuniones de negocios, jornadas de formaci\u00f3n y visitas a f\u00e1bricas en Francia.<\/p>\n<ul>\n<li>Traducci\u00f3n franc\u00e9s-espa\u00f1ol en conferencias, encuentros protocolarios, reuniones de negocios en Par\u00eds o en cualquier otro lugar de Francia.<\/li>\n<li>Llamadas a empresas francesas, traducci\u00f3n a distancia de negociaciones (v\u00eda telef\u00f3nica o Skype), traducci\u00f3n a distancia de formaciones t\u00e9cnicas.<\/li>\n<li>Representaci\u00f3n comercial de su empresa en Francia: recogida de informaci\u00f3n en las ferias, gesti\u00f3n de la correspondencia comercial en franc\u00e9s&#8230;<\/li>\n<\/ul>\n<\/div><\/div>\n<\/div>\n<\/div>\n<p><\/p>","protected":false},"excerpt":{"rendered":"<p>Traducci\u00f3n del franc\u00e9s y del ingl\u00e9s al espa\u00f1ol en negociaciones, reuniones de negocios, jornadas de formaci\u00f3n y visitas a f\u00e1bricas en Francia. Traducci\u00f3n franc\u00e9s-espa\u00f1ol en conferencias, encuentros protocolarios, reuniones de negocios en Par\u00eds o en cualquier otro lugar de Francia. Llamadas a empresas francesas, traducci\u00f3n a distancia de negociaciones (v\u00eda telef\u00f3nica o Skype), traducci\u00f3n a [&hellip;]<\/p>\n<p><a href=\"https:\/\/translator-paris.com\/es\/slider_block_3\/\">Read More<\/a><\/p>\n","protected":false},"author":1,"featured_media":0,"parent":0,"menu_order":0,"comment_status":"closed","ping_status":"closed","template":"","meta":[],"_links":{"self":[{"href":"https:\/\/translator-paris.com\/es\/wp-json\/wp\/v2\/pages\/99"}],"collection":[{"href":"https:\/\/translator-paris.com\/es\/wp-json\/wp\/v2\/pages"}],"about":[{"href":"https:\/\/translator-paris.com\/es\/wp-json\/wp\/v2\/types\/page"}],"author":[{"embeddable":true,"href":"https:\/\/translator-paris.com\/es\/wp-json\/wp\/v2\/users\/1"}],"replies":[{"embeddable":true,"href":"https:\/\/translator-paris.com\/es\/wp-json\/wp\/v2\/comments?post=99"}],"version-history":[{"count":7,"href":"https:\/\/translator-paris.com\/es\/wp-json\/wp\/v2\/pages\/99\/revisions"}],"predecessor-version":[{"id":1170,"href":"https:\/\/translator-paris.com\/es\/wp-json\/wp\/v2\/pages\/99\/revisions\/1170"}],"wp:attachment":[{"href":"https:\/\/translator-paris.com\/es\/wp-json\/wp\/v2\/media?parent=99"}],"curies":[{"name":"wp","href":"https:\/\/api.w.org\/{rel}","templated":true}]}}